{"id":101,"date":"2025-05-05T01:42:43","date_gmt":"2025-05-05T01:42:43","guid":{"rendered":"https:\/\/centromedicoinstitutochilenomaritimo.cl\/?page_id=101"},"modified":"2025-05-27T13:58:25","modified_gmt":"2025-05-27T13:58:25","slug":"especialidades","status":"publish","type":"page","link":"https:\/\/centromedicoinstitutochilenomaritimo.cl\/?page_id=101","title":{"rendered":"Especialidades"},"content":{"rendered":"\t\t<div data-elementor-type=\"wp-page\" data-elementor-id=\"101\" class=\"elementor elementor-101\" data-elementor-post-type=\"page\">\n\t\t\t\t<div class=\"elementor-element elementor-element-432fd0f e-flex e-con-boxed e-con e-parent\" data-id=\"432fd0f\" data-element_type=\"container\" data-e-type=\"container\">\n\t\t\t\t\t<div class=\"e-con-inner\">\n\t\t\t\t<div class=\"elementor-element elementor-element-b386424 elementor-widget__width-initial elementor-widget elementor-widget-text-editor\" data-id=\"b386424\" data-element_type=\"widget\" data-e-type=\"widget\" data-widget_type=\"text-editor.default\">\n\t\t\t\t<div class=\"elementor-widget-container\">\n\t\t\t\t\t\t\t\t\t<p>El Centro M\u00e9dico del Instituto Chileno Mar\u00edtimo est\u00e1 ubicado en la Regi\u00f3n de Los Lagos, ciudad de Puerto Montt. Dentro de los servicios que ofrece podemos encontrar:\u00a0 Atenci\u00f3n en Modalidad de Telemedicina, Visita Domiciliaria (Puerto Montt y Alrededores), Presencial. Atenci\u00f3n M\u00e9dica Biling\u00fce en Alem\u00e1n, Ingl\u00e9s, Frances y Ruso.<\/p>\t\t\t\t\t\t\t\t<\/div>\n\t\t\t\t<\/div>\n\t\t\t\t\t<\/div>\n\t\t\t\t<\/div>\n\t\t<div class=\"elementor-element elementor-element-0598d43 e-flex e-con-boxed e-con e-parent\" data-id=\"0598d43\" data-element_type=\"container\" data-e-type=\"container\">\n\t\t\t\t\t<div class=\"e-con-inner\">\n\t\t<div class=\"elementor-element elementor-element-3e09b94 e-con-full e-flex e-con e-child\" data-id=\"3e09b94\" data-element_type=\"container\" data-e-type=\"container\">\n\t\t\t\t<div class=\"elementor-element elementor-element-47f5ebd elementor-widget elementor-widget-spacer\" data-id=\"47f5ebd\" data-element_type=\"widget\" data-e-type=\"widget\" data-widget_type=\"spacer.default\">\n\t\t\t\t<div class=\"elementor-widget-container\">\n\t\t\t\t\t\t\t<div class=\"elementor-spacer\">\n\t\t\t<div class=\"elementor-spacer-inner\"><\/div>\n\t\t<\/div>\n\t\t\t\t\t\t<\/div>\n\t\t\t\t<\/div>\n\t\t\t\t<div class=\"elementor-element elementor-element-dd5654c elementor-widget elementor-widget-image\" data-id=\"dd5654c\" data-element_type=\"widget\" data-e-type=\"widget\" data-widget_type=\"image.default\">\n\t\t\t\t<div class=\"elementor-widget-container\">\n\t\t\t\t\t\t\t\t\t\t\t\t\t\t\t<img fetchpriority=\"high\" decoding=\"async\" width=\"1024\" height=\"538\" src=\"https:\/\/centromedicoinstitutochilenomaritimo.cl\/wp-content\/uploads\/2025\/05\/slidecentro01-2-1024x538.jpg\" class=\"attachment-large size-large wp-image-174\" alt=\"\" srcset=\"https:\/\/centromedicoinstitutochilenomaritimo.cl\/wp-content\/uploads\/2025\/05\/slidecentro01-2-1024x538.jpg 1024w, https:\/\/centromedicoinstitutochilenomaritimo.cl\/wp-content\/uploads\/2025\/05\/slidecentro01-2-300x158.jpg 300w, https:\/\/centromedicoinstitutochilenomaritimo.cl\/wp-content\/uploads\/2025\/05\/slidecentro01-2-768x404.jpg 768w, https:\/\/centromedicoinstitutochilenomaritimo.cl\/wp-content\/uploads\/2025\/05\/slidecentro01-2-1536x807.jpg 1536w, https:\/\/centromedicoinstitutochilenomaritimo.cl\/wp-content\/uploads\/2025\/05\/slidecentro01-2.jpg 1713w\" sizes=\"(max-width: 1024px) 100vw, 1024px\" \/>\t\t\t\t\t\t\t\t\t\t\t\t\t\t\t<\/div>\n\t\t\t\t<\/div>\n\t\t\t\t<div class=\"elementor-element elementor-element-49e5437 elementor-widget elementor-widget-spacer\" data-id=\"49e5437\" data-element_type=\"widget\" data-e-type=\"widget\" data-widget_type=\"spacer.default\">\n\t\t\t\t<div class=\"elementor-widget-container\">\n\t\t\t\t\t\t\t<div class=\"elementor-spacer\">\n\t\t\t<div class=\"elementor-spacer-inner\"><\/div>\n\t\t<\/div>\n\t\t\t\t\t\t<\/div>\n\t\t\t\t<\/div>\n\t\t\t\t<\/div>\n\t\t<div class=\"elementor-element elementor-element-148739e e-con-full e-flex e-con e-child\" data-id=\"148739e\" data-element_type=\"container\" data-e-type=\"container\">\n\t\t\t\t<div class=\"elementor-element elementor-element-a2da3ad elementor-widget elementor-widget-text-editor\" data-id=\"a2da3ad\" data-element_type=\"widget\" data-e-type=\"widget\" data-widget_type=\"text-editor.default\">\n\t\t\t\t<div class=\"elementor-widget-container\">\n\t\t\t\t\t\t\t\t\t<p data-sourcepos=\"3:1-3:41\"><strong>Especialidades M\u00e9dicas Fundamentales:<\/strong><\/p><ul data-sourcepos=\"5:1-9:0\"><li data-sourcepos=\"8:1-9:0\">Medicina General:<\/li><li data-sourcepos=\"8:1-9:0\">Medicina de Buceo &#8211; Hiperb\u00e1rica.<\/li><li data-sourcepos=\"8:1-9:0\">Medicina Familiar.<\/li><li data-sourcepos=\"8:1-9:0\">Medicina Toxicolog\u00eda Laboral.<\/li><li data-sourcepos=\"8:1-9:0\">Otorrinolaringolog\u00eda.<\/li><li data-sourcepos=\"8:1-9:0\">Consulta M\u00e9dica Salud Mental.<\/li><li data-sourcepos=\"8:1-9:0\">Psicolog\u00eda Clinica y Psicoterapia.<\/li><li data-sourcepos=\"8:1-9:0\">Tratamiento M\u00e9dico Obesidad.<\/li><li data-sourcepos=\"8:1-9:0\">Cuidados Paliativos.<\/li><li data-sourcepos=\"8:1-9:0\">Evaluaci\u00f3n de Puestos de Trabajos.<\/li><li data-sourcepos=\"8:1-9:0\">Higiene Ocupacional y Salud laboral.<\/li><li data-sourcepos=\"8:1-9:0\">Examenes\u00a0 Ocupacionales y Toxicolog\u00eda.<\/li><\/ul>\t\t\t\t\t\t\t\t<\/div>\n\t\t\t\t<\/div>\n\t\t\t\t<\/div>\n\t\t\t\t\t<\/div>\n\t\t\t\t<\/div>\n\t\t<div class=\"elementor-element elementor-element-0f8b343 e-flex e-con-boxed e-con e-parent\" data-id=\"0f8b343\" data-element_type=\"container\" data-e-type=\"container\">\n\t\t\t\t\t<div class=\"e-con-inner\">\n\t\t\t\t\t<\/div>\n\t\t\t\t<\/div>\n\t\t<div class=\"elementor-element elementor-element-df73401 e-flex e-con-boxed e-con e-parent\" data-id=\"df73401\" data-element_type=\"container\" data-e-type=\"container\">\n\t\t\t\t\t<div class=\"e-con-inner\">\n\t\t\t\t<div class=\"elementor-element elementor-element-99afc4a elementor-widget elementor-widget-text-editor\" data-id=\"99afc4a\" data-element_type=\"widget\" data-e-type=\"widget\" data-widget_type=\"text-editor.default\">\n\t\t\t\t<div class=\"elementor-widget-container\">\n\t\t\t\t\t\t\t\t\t<p>Ofrecemos Convenios con Agencias Navieras, Operadores Mar\u00edtimos, Terminales y Puertos, Empresas, Organizaciones, Sindicatos, Gremios, etc. Nuestros Servicios incluyen:<\/p>\t\t\t\t\t\t\t\t<\/div>\n\t\t\t\t<\/div>\n\t\t\t\t\t<\/div>\n\t\t\t\t<\/div>\n\t\t<div class=\"elementor-element elementor-element-baff0d8 e-flex e-con-boxed e-con e-parent\" data-id=\"baff0d8\" data-element_type=\"container\" data-e-type=\"container\">\n\t\t\t\t\t<div class=\"e-con-inner\">\n\t\t<div class=\"elementor-element elementor-element-d865a1c e-con-full e-flex e-con e-child\" data-id=\"d865a1c\" data-element_type=\"container\" data-e-type=\"container\">\n\t\t\t\t<div class=\"elementor-element elementor-element-64fd345 elementor-widget elementor-widget-text-editor\" data-id=\"64fd345\" data-element_type=\"widget\" data-e-type=\"widget\" data-widget_type=\"text-editor.default\">\n\t\t\t\t<div class=\"elementor-widget-container\">\n\t\t\t\t\t\t\t\t\t<ul><li>Servicios de Ex\u00e1menes m\u00e9dicos mar\u00edtimos (seg\u00fan normas STCW, OMI, etc.)<\/li><li>Certificados de aptitud m\u00e9dica para embarque nacional e internacional.<\/li><li>Atenci\u00f3n 24\/7 para urgencias mar\u00edtimo portuarias.<\/li><li>Pruebas COVID\/ant\u00edgeno para embarque.<\/li><li>Telemedicina para tripulaci\u00f3n en alta mar.<\/li><li>Servicios in-company en el puerto o en embarcaciones.<\/li><li>Ex\u00e1menes y valoraciones pre ocupacionales, ocupacionales y ocupacionales.<\/li><li>Valoraci\u00f3n y manejo de estr\u00e9s laboral y postraum\u00e1tico.<\/li><li>Valoraci\u00f3n y aversi\u00f3n al riesgo.<\/li><li>Toxicolog\u00eda\u00a0Laboral.<\/li><\/ul>\t\t\t\t\t\t\t\t<\/div>\n\t\t\t\t<\/div>\n\t\t\t\t<\/div>\n\t\t<div class=\"elementor-element elementor-element-feb3766 e-con-full e-flex e-con e-child\" data-id=\"feb3766\" data-element_type=\"container\" data-e-type=\"container\">\n\t\t\t\t<div class=\"elementor-element elementor-element-864226b elementor-widget elementor-widget-spacer\" data-id=\"864226b\" data-element_type=\"widget\" data-e-type=\"widget\" data-widget_type=\"spacer.default\">\n\t\t\t\t<div class=\"elementor-widget-container\">\n\t\t\t\t\t\t\t<div class=\"elementor-spacer\">\n\t\t\t<div class=\"elementor-spacer-inner\"><\/div>\n\t\t<\/div>\n\t\t\t\t\t\t<\/div>\n\t\t\t\t<\/div>\n\t\t\t\t<div class=\"elementor-element elementor-element-70bcd02 elementor-widget elementor-widget-image\" data-id=\"70bcd02\" data-element_type=\"widget\" data-e-type=\"widget\" data-widget_type=\"image.default\">\n\t\t\t\t<div class=\"elementor-widget-container\">\n\t\t\t\t\t\t\t\t\t\t\t\t\t\t\t<img fetchpriority=\"high\" decoding=\"async\" width=\"1024\" height=\"538\" src=\"https:\/\/centromedicoinstitutochilenomaritimo.cl\/wp-content\/uploads\/2025\/05\/slidecentro01-2-1024x538.jpg\" class=\"attachment-large size-large wp-image-174\" alt=\"\" srcset=\"https:\/\/centromedicoinstitutochilenomaritimo.cl\/wp-content\/uploads\/2025\/05\/slidecentro01-2-1024x538.jpg 1024w, https:\/\/centromedicoinstitutochilenomaritimo.cl\/wp-content\/uploads\/2025\/05\/slidecentro01-2-300x158.jpg 300w, https:\/\/centromedicoinstitutochilenomaritimo.cl\/wp-content\/uploads\/2025\/05\/slidecentro01-2-768x404.jpg 768w, https:\/\/centromedicoinstitutochilenomaritimo.cl\/wp-content\/uploads\/2025\/05\/slidecentro01-2-1536x807.jpg 1536w, https:\/\/centromedicoinstitutochilenomaritimo.cl\/wp-content\/uploads\/2025\/05\/slidecentro01-2.jpg 1713w\" sizes=\"(max-width: 1024px) 100vw, 1024px\" \/>\t\t\t\t\t\t\t\t\t\t\t\t\t\t\t<\/div>\n\t\t\t\t<\/div>\n\t\t\t\t<\/div>\n\t\t\t\t\t<\/div>\n\t\t\t\t<\/div>\n\t\t\t\t<\/div>\n\t\t","protected":false},"excerpt":{"rendered":"<p>El Centro M\u00e9dico del Instituto Chileno Mar\u00edtimo est\u00e1 ubicado en la Regi\u00f3n de Los Lagos, ciudad de Puerto Montt. Dentro [&hellip;]<\/p>\n","protected":false},"author":2,"featured_media":0,"parent":0,"menu_order":0,"comment_status":"closed","ping_status":"closed","template":"","meta":{"site-sidebar-layout":"no-sidebar","site-content-layout":"","ast-site-content-layout":"full-width-container","site-content-style":"default","site-sidebar-style":"default","ast-global-header-display":"","ast-banner-title-visibility":"","ast-main-header-display":"","ast-hfb-above-header-display":"","ast-hfb-below-header-display":"","ast-hfb-mobile-header-display":"","site-post-title":"disabled","ast-breadcrumbs-content":"","ast-featured-img":"disabled","footer-sml-layout":"","ast-disable-related-posts":"","theme-transparent-header-meta":"","adv-header-id-meta":"","stick-header-meta":"","header-above-stick-meta":"","header-main-stick-meta":"","header-below-stick-meta":"","astra-migrate-meta-layouts":"default","ast-page-background-enabled":"default","ast-page-background-meta":{"desktop":{"background-color":"var(--ast-global-color-5)","background-image":"","background-repeat":"repeat","background-position":"center center","background-size":"auto","background-attachment":"scroll","background-type":"","background-media":"","overlay-type":"","overlay-color":"","overlay-opacity":"","overlay-gradient":""},"tablet":{"background-color":"","background-image":"","background-repeat":"repeat","background-position":"center center","background-size":"auto","background-attachment":"scroll","background-type":"","background-media":"","overlay-type":"","overlay-color":"","overlay-opacity":"","overlay-gradient":""},"mobile":{"background-color":"","background-image":"","background-repeat":"repeat","background-position":"center center","background-size":"auto","background-attachment":"scroll","background-type":"","background-media":"","overlay-type":"","overlay-color":"","overlay-opacity":"","overlay-gradient":""}},"ast-content-background-meta":{"desktop":{"background-color":"var(--ast-global-color-4)","background-image":"","background-repeat":"repeat","background-position":"center center","background-size":"auto","background-attachment":"scroll","background-type":"","background-media":"","overlay-type":"","overlay-color":"","overlay-opacity":"","overlay-gradient":""},"tablet":{"background-color":"var(--ast-global-color-4)","background-image":"","background-repeat":"repeat","background-position":"center center","background-size":"auto","background-attachment":"scroll","background-type":"","background-media":"","overlay-type":"","overlay-color":"","overlay-opacity":"","overlay-gradient":""},"mobile":{"background-color":"var(--ast-global-color-4)","background-image":"","background-repeat":"repeat","background-position":"center center","background-size":"auto","background-attachment":"scroll","background-type":"","background-media":"","overlay-type":"","overlay-color":"","overlay-opacity":"","overlay-gradient":""}},"_joinchat":[],"footnotes":""},"class_list":["post-101","page","type-page","status-publish","hentry"],"_links":{"self":[{"href":"https:\/\/centromedicoinstitutochilenomaritimo.cl\/index.php?rest_route=\/wp\/v2\/pages\/101","targetHints":{"allow":["GET"]}}],"collection":[{"href":"https:\/\/centromedicoinstitutochilenomaritimo.cl\/index.php?rest_route=\/wp\/v2\/pages"}],"about":[{"href":"https:\/\/centromedicoinstitutochilenomaritimo.cl\/index.php?rest_route=\/wp\/v2\/types\/page"}],"author":[{"embeddable":true,"href":"https:\/\/centromedicoinstitutochilenomaritimo.cl\/index.php?rest_route=\/wp\/v2\/users\/2"}],"replies":[{"embeddable":true,"href":"https:\/\/centromedicoinstitutochilenomaritimo.cl\/index.php?rest_route=%2Fwp%2Fv2%2Fcomments&post=101"}],"version-history":[{"count":34,"href":"https:\/\/centromedicoinstitutochilenomaritimo.cl\/index.php?rest_route=\/wp\/v2\/pages\/101\/revisions"}],"predecessor-version":[{"id":278,"href":"https:\/\/centromedicoinstitutochilenomaritimo.cl\/index.php?rest_route=\/wp\/v2\/pages\/101\/revisions\/278"}],"wp:attachment":[{"href":"https:\/\/centromedicoinstitutochilenomaritimo.cl\/index.php?rest_route=%2Fwp%2Fv2%2Fmedia&parent=101"}],"curies":[{"name":"wp","href":"https:\/\/api.w.org\/{rel}","templated":true}]}}