{"id":113,"date":"2025-05-06T19:41:56","date_gmt":"2025-05-06T19:41:56","guid":{"rendered":"https:\/\/centromedicoinstitutochilenomaritimo.cl\/?page_id=113"},"modified":"2025-05-29T13:21:10","modified_gmt":"2025-05-29T13:21:10","slug":"medicos","status":"publish","type":"page","link":"https:\/\/centromedicoinstitutochilenomaritimo.cl\/?page_id=113","title":{"rendered":"Medicos"},"content":{"rendered":"\t\t<div data-elementor-type=\"wp-page\" data-elementor-id=\"113\" class=\"elementor elementor-113\" data-elementor-post-type=\"page\">\n\t\t\t\t<div class=\"elementor-element elementor-element-5d40d2f e-flex e-con-boxed e-con e-parent\" data-id=\"5d40d2f\" data-element_type=\"container\" data-e-type=\"container\">\n\t\t\t\t\t<div class=\"e-con-inner\">\n\t\t<div class=\"elementor-element elementor-element-87ff84b e-con-full e-flex e-con e-child\" data-id=\"87ff84b\" data-element_type=\"container\" data-e-type=\"container\">\n\t\t\t\t<div class=\"elementor-element elementor-element-f229ea2 elementor-widget elementor-widget-heading\" data-id=\"f229ea2\" data-element_type=\"widget\" data-e-type=\"widget\" data-widget_type=\"heading.default\">\n\t\t\t\t<div class=\"elementor-widget-container\">\n\t\t\t\t\t<h2 class=\"elementor-heading-title elementor-size-default\">Dra. Paulina Vel\u00e1squez P\u00e9rez<\/h2>\t\t\t\t<\/div>\n\t\t\t\t<\/div>\n\t\t\t\t<div class=\"elementor-element elementor-element-9d4df6c elementor-widget elementor-widget-heading\" data-id=\"9d4df6c\" data-element_type=\"widget\" data-e-type=\"widget\" data-widget_type=\"heading.default\">\n\t\t\t\t<div class=\"elementor-widget-container\">\n\t\t\t\t\t<h2 class=\"elementor-heading-title elementor-size-default\">Directora Centro M\u00e9dico Instituto Chileno Mar\u00edtimo<\/h2>\t\t\t\t<\/div>\n\t\t\t\t<\/div>\n\t\t\t\t<div class=\"elementor-element elementor-element-a133d05 elementor-widget elementor-widget-image\" data-id=\"a133d05\" data-element_type=\"widget\" data-e-type=\"widget\" data-widget_type=\"image.default\">\n\t\t\t\t<div class=\"elementor-widget-container\">\n\t\t\t\t\t\t\t\t\t\t\t\t\t\t\t<img fetchpriority=\"high\" decoding=\"async\" width=\"214\" height=\"300\" src=\"https:\/\/centromedicoinstitutochilenomaritimo.cl\/wp-content\/uploads\/2025\/05\/Medicina-Familiar-Paulina-Velasquez-915x1280-1-214x300-1.png\" class=\"attachment-large size-large wp-image-217\" alt=\"\" \/>\t\t\t\t\t\t\t\t\t\t\t\t\t\t\t<\/div>\n\t\t\t\t<\/div>\n\t\t\t\t<\/div>\n\t\t<div class=\"elementor-element elementor-element-8c24b47 e-con-full e-flex e-con e-child\" data-id=\"8c24b47\" data-element_type=\"container\" data-e-type=\"container\" data-settings=\"{&quot;background_background&quot;:&quot;classic&quot;}\">\n\t\t\t\t<div class=\"elementor-element elementor-element-a227a76 elementor-widget elementor-widget-heading\" data-id=\"a227a76\" data-element_type=\"widget\" data-e-type=\"widget\" data-widget_type=\"heading.default\">\n\t\t\t\t<div class=\"elementor-widget-container\">\n\t\t\t\t\t<h2 class=\"elementor-heading-title elementor-size-default\">Trayectoria<\/h2>\t\t\t\t<\/div>\n\t\t\t\t<\/div>\n\t\t\t\t<div class=\"elementor-element elementor-element-5ba6a11 elementor-widget elementor-widget-text-editor\" data-id=\"5ba6a11\" data-element_type=\"widget\" data-e-type=\"widget\" data-widget_type=\"text-editor.default\">\n\t\t\t\t<div class=\"elementor-widget-container\">\n\t\t\t\t\t\t\t\t\t<ul><li>Medicina General Familiar Salud Pu\u0301blica<br \/>Cuidados Paliativos<\/li><li>Me\u0301dico General\/ Hospital Puerto Montt\/ Mayo 2011- Agosto 2019<\/li><li>Me\u0301dico Staff Unidad de Agudos Me\u0301dico Jefe Unidad de Hospitalizacio\u0301n Domiciliaria.<br \/>Me\u0301dico General Unidad de Cuidados Paliativos (44hrs)<br \/>Me\u0301dico Staff Urgencias Pedia\u0301trica.<\/li><li>Me\u0301dico General\/ Cesfam N\u00b01 Puerto Varas\/ Septiembre 2011- Junio 2014<\/li><li>Me\u0301dico General.<br \/>Me\u0301dico a cargo de equipo de postrados y Cuidados Paliativos (22hrs).<\/li><li>Me\u0301dico Familiar\/ Hospital Puerto Montt\/ Agosto 2019- Junio 2024<\/li><li>Me\u0301dico Familiar Unidad de Cuidados Paliativos. (44hrs).<br \/>Jefe de Servicio Hemato Oncologi\u0301a y Cuidados Paliativos.<\/li><li>Me\u0301dico Familiar\/ Cli\u0301nica Andes Salud\/ Junio 2024 (22hrs)<\/li><\/ul>\t\t\t\t\t\t\t\t<\/div>\n\t\t\t\t<\/div>\n\t\t\t\t<\/div>\n\t\t\t\t\t<\/div>\n\t\t\t\t<\/div>\n\t\t<div class=\"elementor-element elementor-element-fa19247 e-flex e-con-boxed e-con e-parent\" data-id=\"fa19247\" data-element_type=\"container\" data-e-type=\"container\">\n\t\t\t\t\t<div class=\"e-con-inner\">\n\t\t<div class=\"elementor-element elementor-element-8ee35b6 e-con-full e-flex e-con e-child\" data-id=\"8ee35b6\" data-element_type=\"container\" data-e-type=\"container\" data-settings=\"{&quot;background_background&quot;:&quot;classic&quot;}\">\n\t\t\t\t<div class=\"elementor-element elementor-element-8a16dd8 elementor-widget elementor-widget-heading\" data-id=\"8a16dd8\" data-element_type=\"widget\" data-e-type=\"widget\" data-widget_type=\"heading.default\">\n\t\t\t\t<div class=\"elementor-widget-container\">\n\t\t\t\t\t<h2 class=\"elementor-heading-title elementor-size-default\">Trayectoria<\/h2>\t\t\t\t<\/div>\n\t\t\t\t<\/div>\n\t\t\t\t<div class=\"elementor-element elementor-element-565b371 elementor-widget elementor-widget-text-editor\" data-id=\"565b371\" data-element_type=\"widget\" data-e-type=\"widget\" data-widget_type=\"text-editor.default\">\n\t\t\t\t<div class=\"elementor-widget-container\">\n\t\t\t\t\t\t\t\t\t<p style=\"text-align: justify;\">M\u00e9dico. Especialista en Toxicolog\u00eda M\u00e9dica. M\u00e1ster en PRL. Docente universitario. Consultor Independiente. Ecuador.<\/p>\n<p style=\"text-align: justify;\">En\u00a0\u00a0 la\u00a0\u00a0 agricultura, \u00a0la \u00a0exposici\u00f3n \u00a0a \u00a0sustancias \u00a0qu\u00edmicas \u00a0como \u00a0plaguicidas \u00a0y fertilizantes es relevante tanto para la salud humana como para el medio ambiente.<\/p>\n<p style=\"text-align: justify;\">Los plaguicidas son sustancias utilizadas para proteger las plantas contra plagas y enfermedades. Incluyen herbicidas (para eliminar malas hierbas), fungicidas (contra enfermedades) e insecticidas (contra insectos nocivos). Estas sustancias pueden da\u00f1ar la salud humana y el medio ambiente.<\/p>\n<p style=\"text-align: justify;\">Las\u00a0 personas que trabajan en agricultura est\u00e1n expuestas no solo a productos fitosanitarios, fertilizantes y otros qu\u00edmicos, sino tambi\u00e9n a plantas y animales venenosos. La diversidad de tareas agrarias y las condiciones extremas pueden aumentar los riesgos laborales. Es importante tomar medidas para minimizar la exposici\u00f3n a estas sustancias y promover pr\u00e1cticas agr\u00edcolas m\u00e1s seguras y sostenibles. Si tienes m\u00e1s preguntas, no dudes en consultarnos.<\/p>\t\t\t\t\t\t\t\t<\/div>\n\t\t\t\t<\/div>\n\t\t\t\t<\/div>\n\t\t<div class=\"elementor-element elementor-element-4346a61 e-con-full e-flex e-con e-child\" data-id=\"4346a61\" data-element_type=\"container\" data-e-type=\"container\">\n\t\t\t\t<div class=\"elementor-element elementor-element-ef5751c elementor-widget elementor-widget-heading\" data-id=\"ef5751c\" data-element_type=\"widget\" data-e-type=\"widget\" data-widget_type=\"heading.default\">\n\t\t\t\t<div class=\"elementor-widget-container\">\n\t\t\t\t\t<h2 class=\"elementor-heading-title elementor-size-default\">Dr. C\u00e9sar D\u00b4Pool F.<\/h2>\t\t\t\t<\/div>\n\t\t\t\t<\/div>\n\t\t\t\t<div class=\"elementor-element elementor-element-60c7e75 elementor-widget elementor-widget-image\" data-id=\"60c7e75\" data-element_type=\"widget\" data-e-type=\"widget\" data-widget_type=\"image.default\">\n\t\t\t\t<div class=\"elementor-widget-container\">\n\t\t\t\t\t\t\t\t\t\t\t\t\t\t\t<img decoding=\"async\" width=\"300\" height=\"300\" src=\"https:\/\/centromedicoinstitutochilenomaritimo.cl\/wp-content\/uploads\/2025\/05\/Dr.-Cesar-D\u00b4Pool-F.png.webp\" class=\"attachment-large size-large wp-image-222\" alt=\"\" srcset=\"https:\/\/centromedicoinstitutochilenomaritimo.cl\/wp-content\/uploads\/2025\/05\/Dr.-Cesar-D\u00b4Pool-F.png.webp 300w, https:\/\/centromedicoinstitutochilenomaritimo.cl\/wp-content\/uploads\/2025\/05\/Dr.-Cesar-D\u00b4Pool-F.png-150x150.webp 150w\" sizes=\"(max-width: 300px) 100vw, 300px\" \/>\t\t\t\t\t\t\t\t\t\t\t\t\t\t\t<\/div>\n\t\t\t\t<\/div>\n\t\t\t\t<\/div>\n\t\t\t\t\t<\/div>\n\t\t\t\t<\/div>\n\t\t<div class=\"elementor-element elementor-element-c924c7f e-flex e-con-boxed e-con e-parent\" data-id=\"c924c7f\" data-element_type=\"container\" data-e-type=\"container\">\n\t\t\t\t\t<div class=\"e-con-inner\">\n\t\t<div class=\"elementor-element elementor-element-6cb0180 e-con-full e-flex e-con e-child\" data-id=\"6cb0180\" data-element_type=\"container\" data-e-type=\"container\">\n\t\t<div class=\"elementor-element elementor-element-4650b36 e-con-full e-flex e-con e-child\" data-id=\"4650b36\" data-element_type=\"container\" data-e-type=\"container\">\n\t\t\t\t<div class=\"elementor-element elementor-element-efb0cd8 elementor-widget elementor-widget-heading\" data-id=\"efb0cd8\" data-element_type=\"widget\" data-e-type=\"widget\" data-widget_type=\"heading.default\">\n\t\t\t\t<div class=\"elementor-widget-container\">\n\t\t\t\t\t<h2 class=\"elementor-heading-title elementor-size-default\">Dra. Yol\u00e1ngel Hern\u00e1ndez G.<\/h2>\t\t\t\t<\/div>\n\t\t\t\t<\/div>\n\t\t\t\t<div class=\"elementor-element elementor-element-102da06 elementor-widget elementor-widget-spacer\" data-id=\"102da06\" data-element_type=\"widget\" data-e-type=\"widget\" data-widget_type=\"spacer.default\">\n\t\t\t\t<div class=\"elementor-widget-container\">\n\t\t\t\t\t\t\t<div class=\"elementor-spacer\">\n\t\t\t<div class=\"elementor-spacer-inner\"><\/div>\n\t\t<\/div>\n\t\t\t\t\t\t<\/div>\n\t\t\t\t<\/div>\n\t\t\t\t<div class=\"elementor-element elementor-element-1fd8b42 elementor-widget elementor-widget-image\" data-id=\"1fd8b42\" data-element_type=\"widget\" data-e-type=\"widget\" data-widget_type=\"image.default\">\n\t\t\t\t<div class=\"elementor-widget-container\">\n\t\t\t\t\t\t\t\t\t\t\t\t\t\t\t<img decoding=\"async\" width=\"300\" height=\"300\" src=\"https:\/\/centromedicoinstitutochilenomaritimo.cl\/wp-content\/uploads\/2025\/05\/Dra.-Yolangel-Hernandez-G.png.webp\" class=\"attachment-large size-large wp-image-223\" alt=\"\" srcset=\"https:\/\/centromedicoinstitutochilenomaritimo.cl\/wp-content\/uploads\/2025\/05\/Dra.-Yolangel-Hernandez-G.png.webp 300w, https:\/\/centromedicoinstitutochilenomaritimo.cl\/wp-content\/uploads\/2025\/05\/Dra.-Yolangel-Hernandez-G.png-150x150.webp 150w\" sizes=\"(max-width: 300px) 100vw, 300px\" \/>\t\t\t\t\t\t\t\t\t\t\t\t\t\t\t<\/div>\n\t\t\t\t<\/div>\n\t\t\t\t<\/div>\n\t\t<div class=\"elementor-element elementor-element-1b3fadc e-con-full e-flex e-con e-child\" data-id=\"1b3fadc\" data-element_type=\"container\" data-e-type=\"container\" data-settings=\"{&quot;background_background&quot;:&quot;classic&quot;}\">\n\t\t\t\t<div class=\"elementor-element elementor-element-bfe9917 elementor-widget elementor-widget-heading\" data-id=\"bfe9917\" data-element_type=\"widget\" data-e-type=\"widget\" data-widget_type=\"heading.default\">\n\t\t\t\t<div class=\"elementor-widget-container\">\n\t\t\t\t\t<h2 class=\"elementor-heading-title elementor-size-default\">Trayectoria<\/h2>\t\t\t\t<\/div>\n\t\t\t\t<\/div>\n\t\t\t\t<div class=\"elementor-element elementor-element-9066726 elementor-widget elementor-widget-text-editor\" data-id=\"9066726\" data-element_type=\"widget\" data-e-type=\"widget\" data-widget_type=\"text-editor.default\">\n\t\t\t\t<div class=\"elementor-widget-container\">\n\t\t\t\t\t\t\t\t\t<p style=\"text-align: justify;\">M\u00e9dico. MSc en Toxicolog\u00eda Cl\u00ednica. M\u00e1ster en Gesti\u00f3n de Riesgos y Desastres. Docente universitario. Consultor Independiente. Venezuela.<\/p>\n<p style=\"text-align: justify;\">Cada d\u00eda estamos expuestos a mas de 8 millones de compuestos qu\u00edmicos, algunas veces sin saberlo, o sin estar en conocimiento de la importancia de \u00a0ello. A nivel industrial, \u00a0cada \u00a0empresa \u00a0maneja \u00a0diferentes \u00a0riesgos \u00a0qu\u00edmicos\u00a0 de\u00a0 acuerdo\u00a0 a\u00a0 la materia prima que emplean, a los diferentes procesos qu\u00edmicos ejecutados, a la forma como distribuyen, emplean, almacenan y eliminan o reciclan, seg\u00fan sea el caso.<\/p>\n<p style=\"text-align: justify;\">De la adecuada gesti\u00f3n del riesgo t\u00f3xico depende no s\u00f3lo la salud de los trabajadores, la de sus familiares y la ambiental, \u00a0sino tambi\u00e9n la salud econ\u00f3mica de la empresa. Un trabajador enfermo no es un trabajador productivo, Un trabajador cuya familia tambi\u00e9n est\u00e1 expuesta a riesgos ambientales, producto de la contaminaci\u00f3n que ocasionan las empresas cercanas a las residencias, merma la capacidad productiva de ese trabajador al impactar como riesgo psicosocial. Es decir, el entorno qu\u00edmico no puede seguir siendo subestimado.<\/p>\n<p style=\"text-align: justify;\">\nLos Toxic\u00f3logos conformamos un equipo de trabajo con otros especialistas, para minimizar el impacto econ\u00f3mico que pueden generar estos agentes \u00a0a nivel de las empresas.\u00a0\u00a0 Tambi\u00e9n diagnosticamos y vigilamos la exposici\u00f3n sin control a estos riesgos, hacemos prevenci\u00f3n al ense\u00f1ar al trabajador a comprenderlos y a ser responsables con su salud. Un trabajador educado, es necesario para que tu empresa tambi\u00e9n sea saludable.\n<\/p>\t\t\t\t\t\t\t\t<\/div>\n\t\t\t\t<\/div>\n\t\t\t\t<\/div>\n\t\t\t\t<\/div>\n\t\t\t\t\t<\/div>\n\t\t\t\t<\/div>\n\t\t<div class=\"elementor-element elementor-element-89f2eaa e-flex e-con-boxed e-con e-parent\" data-id=\"89f2eaa\" data-element_type=\"container\" data-e-type=\"container\">\n\t\t\t\t\t<div class=\"e-con-inner\">\n\t\t<div class=\"elementor-element elementor-element-50adc15 e-con-full e-flex e-con e-child\" data-id=\"50adc15\" data-element_type=\"container\" data-e-type=\"container\" data-settings=\"{&quot;background_background&quot;:&quot;classic&quot;}\">\n\t\t\t\t<div class=\"elementor-element elementor-element-c169123 elementor-widget elementor-widget-heading\" data-id=\"c169123\" data-element_type=\"widget\" data-e-type=\"widget\" data-widget_type=\"heading.default\">\n\t\t\t\t<div class=\"elementor-widget-container\">\n\t\t\t\t\t<h2 class=\"elementor-heading-title elementor-size-default\">Trayectoria<\/h2>\t\t\t\t<\/div>\n\t\t\t\t<\/div>\n\t\t\t\t<div class=\"elementor-element elementor-element-14ffdf0 elementor-widget elementor-widget-text-editor\" data-id=\"14ffdf0\" data-element_type=\"widget\" data-e-type=\"widget\" data-widget_type=\"text-editor.default\">\n\t\t\t\t<div class=\"elementor-widget-container\">\n\t\t\t\t\t\t\t\t\t<p style=\"text-align: justify;\">Armada de Chile, Hospital Naval Almirante Nef, Hospital Naval Almirante Adriazola, Policl\u00ednico M\u00e9dico Dental Puerto Montt;\nFuncionaria y TENS..<\/p>\nIlustre Municipalidad de Puerto Montt, SAR Alerce: Psic\u00f3loga; Dupla Psicosocial, Programa de Salud Mental en la Atenci\u00f3n Primaria de Urgencia. <\/p>\n<p style=\"text-align: justify;\">\nIlustre Municipalidad de Puerto Montt, CESFAM Angelm\u00f3: Psic\u00f3loga; Programa Demencia.\n.<\/p>\n<p style=\"text-align: justify;\">Ilustre Municipalidad de Puerto Montt, CESFAM Angelm\u00f3: Psic\u00f3loga; Programa DIR (Detecci\u00f3n, Intervenci\u00f3n y Referencia\nAsistida en Consumo de Sustancias).<\/p>\n<p style=\"text-align: justify;\">\nIlustre Municipalidad de Puerto Montt, CESFAM Alerce: Psic\u00f3loga; Programa de Salud Mental en la Atenci\u00f3n Primaria. Atenci\u00f3n de\npacientes y Encargada Coordinaci\u00f3n de Tribunales.\n<\/p>\n\t\t\t\t\t\t\t\t<\/div>\n\t\t\t\t<\/div>\n\t\t\t\t<\/div>\n\t\t<div class=\"elementor-element elementor-element-b268b0c e-con-full e-flex e-con e-child\" data-id=\"b268b0c\" data-element_type=\"container\" data-e-type=\"container\">\n\t\t\t\t<div class=\"elementor-element elementor-element-6ea5919 elementor-widget elementor-widget-heading\" data-id=\"6ea5919\" data-element_type=\"widget\" data-e-type=\"widget\" data-widget_type=\"heading.default\">\n\t\t\t\t<div class=\"elementor-widget-container\">\n\t\t\t\t\t<h2 class=\"elementor-heading-title elementor-size-default\">Psic\u00f3loga Marisol Soledad Silva Leal.<\/h2>\t\t\t\t<\/div>\n\t\t\t\t<\/div>\n\t\t\t\t<div class=\"elementor-element elementor-element-02c00fb elementor-widget elementor-widget-image\" data-id=\"02c00fb\" data-element_type=\"widget\" data-e-type=\"widget\" data-widget_type=\"image.default\">\n\t\t\t\t<div class=\"elementor-widget-container\">\n\t\t\t\t\t\t\t\t\t\t\t\t\t\t\t<img loading=\"lazy\" decoding=\"async\" width=\"807\" height=\"1024\" src=\"https:\/\/centromedicoinstitutochilenomaritimo.cl\/wp-content\/uploads\/2025\/05\/WhatsApp-Image-2025-05-26-at-15.55.00-807x1024.jpeg\" class=\"attachment-large size-large wp-image-301\" alt=\"\" srcset=\"https:\/\/centromedicoinstitutochilenomaritimo.cl\/wp-content\/uploads\/2025\/05\/WhatsApp-Image-2025-05-26-at-15.55.00-807x1024.jpeg 807w, https:\/\/centromedicoinstitutochilenomaritimo.cl\/wp-content\/uploads\/2025\/05\/WhatsApp-Image-2025-05-26-at-15.55.00-236x300.jpeg 236w, https:\/\/centromedicoinstitutochilenomaritimo.cl\/wp-content\/uploads\/2025\/05\/WhatsApp-Image-2025-05-26-at-15.55.00-768x974.jpeg 768w, https:\/\/centromedicoinstitutochilenomaritimo.cl\/wp-content\/uploads\/2025\/05\/WhatsApp-Image-2025-05-26-at-15.55.00.jpeg 1009w\" sizes=\"(max-width: 807px) 100vw, 807px\" \/>\t\t\t\t\t\t\t\t\t\t\t\t\t\t\t<\/div>\n\t\t\t\t<\/div>\n\t\t\t\t<\/div>\n\t\t\t\t\t<\/div>\n\t\t\t\t<\/div>\n\t\t\t\t<\/div>\n\t\t","protected":false},"excerpt":{"rendered":"<p>Dra. Paulina Vel\u00e1squez P\u00e9rez Directora Centro M\u00e9dico Instituto Chileno Mar\u00edtimo Trayectoria Medicina General Familiar Salud Pu\u0301blicaCuidados Paliativos Me\u0301dico General\/ Hospital [&hellip;]<\/p>\n","protected":false},"author":2,"featured_media":0,"parent":0,"menu_order":0,"comment_status":"closed","ping_status":"closed","template":"","meta":{"site-sidebar-layout":"no-sidebar","site-content-layout":"","ast-site-content-layout":"full-width-container","site-content-style":"default","site-sidebar-style":"default","ast-global-header-display":"","ast-banner-title-visibility":"","ast-main-header-display":"","ast-hfb-above-header-display":"","ast-hfb-below-header-display":"","ast-hfb-mobile-header-display":"","site-post-title":"disabled","ast-breadcrumbs-content":"","ast-featured-img":"disabled","footer-sml-layout":"","ast-disable-related-posts":"","theme-transparent-header-meta":"","adv-header-id-meta":"","stick-header-meta":"","header-above-stick-meta":"","header-main-stick-meta":"","header-below-stick-meta":"","astra-migrate-meta-layouts":"default","ast-page-background-enabled":"default","ast-page-background-meta":{"desktop":{"background-color":"var(--ast-global-color-5)","background-image":"","background-repeat":"repeat","background-position":"center center","background-size":"auto","background-attachment":"scroll","background-type":"","background-media":"","overlay-type":"","overlay-color":"","overlay-opacity":"","overlay-gradient":""},"tablet":{"background-color":"","background-image":"","background-repeat":"repeat","background-position":"center center","background-size":"auto","background-attachment":"scroll","background-type":"","background-media":"","overlay-type":"","overlay-color":"","overlay-opacity":"","overlay-gradient":""},"mobile":{"background-color":"","background-image":"","background-repeat":"repeat","background-position":"center center","background-size":"auto","background-attachment":"scroll","background-type":"","background-media":"","overlay-type":"","overlay-color":"","overlay-opacity":"","overlay-gradient":""}},"ast-content-background-meta":{"desktop":{"background-color":"var(--ast-global-color-4)","background-image":"","background-repeat":"repeat","background-position":"center center","background-size":"auto","background-attachment":"scroll","background-type":"","background-media":"","overlay-type":"","overlay-color":"","overlay-opacity":"","overlay-gradient":""},"tablet":{"background-color":"var(--ast-global-color-4)","background-image":"","background-repeat":"repeat","background-position":"center center","background-size":"auto","background-attachment":"scroll","background-type":"","background-media":"","overlay-type":"","overlay-color":"","overlay-opacity":"","overlay-gradient":""},"mobile":{"background-color":"var(--ast-global-color-4)","background-image":"","background-repeat":"repeat","background-position":"center center","background-size":"auto","background-attachment":"scroll","background-type":"","background-media":"","overlay-type":"","overlay-color":"","overlay-opacity":"","overlay-gradient":""}},"_joinchat":[],"footnotes":""},"class_list":["post-113","page","type-page","status-publish","hentry"],"_links":{"self":[{"href":"https:\/\/centromedicoinstitutochilenomaritimo.cl\/index.php?rest_route=\/wp\/v2\/pages\/113","targetHints":{"allow":["GET"]}}],"collection":[{"href":"https:\/\/centromedicoinstitutochilenomaritimo.cl\/index.php?rest_route=\/wp\/v2\/pages"}],"about":[{"href":"https:\/\/centromedicoinstitutochilenomaritimo.cl\/index.php?rest_route=\/wp\/v2\/types\/page"}],"author":[{"embeddable":true,"href":"https:\/\/centromedicoinstitutochilenomaritimo.cl\/index.php?rest_route=\/wp\/v2\/users\/2"}],"replies":[{"embeddable":true,"href":"https:\/\/centromedicoinstitutochilenomaritimo.cl\/index.php?rest_route=%2Fwp%2Fv2%2Fcomments&post=113"}],"version-history":[{"count":34,"href":"https:\/\/centromedicoinstitutochilenomaritimo.cl\/index.php?rest_route=\/wp\/v2\/pages\/113\/revisions"}],"predecessor-version":[{"id":318,"href":"https:\/\/centromedicoinstitutochilenomaritimo.cl\/index.php?rest_route=\/wp\/v2\/pages\/113\/revisions\/318"}],"wp:attachment":[{"href":"https:\/\/centromedicoinstitutochilenomaritimo.cl\/index.php?rest_route=%2Fwp%2Fv2%2Fmedia&parent=113"}],"curies":[{"name":"wp","href":"https:\/\/api.w.org\/{rel}","templated":true}]}}